{"id":2,"date":"2014-12-02T21:24:23","date_gmt":"2014-12-02T19:24:23","guid":{"rendered":"http:\/\/federicoorozco.com\/?page_id=2"},"modified":"2021-05-01T12:36:57","modified_gmt":"2021-05-01T10:36:57","slug":"quien_soy","status":"publish","type":"page","link":"https:\/\/federicoorozco.com\/?page_id=2","title":{"rendered":"\u00bfQUIEN SOY?"},"content":{"rendered":"<h3><span style=\"color: #ffffff;\"><strong>\u00bfQUIEN ES FEDERICO OROZCO?<\/strong><\/span><\/h3>\n<p><span style=\"color: #ffffff;\">Graduado de la carrera en Comercio Internacional en el Instituto Tecnol\u00f3gico y de Estudios Superiores de Monterrey, M\u00e9xico en 1999. Trabaj\u00f3 para la empresa Bayer de M\u00e9xico, S.A. de C.V. y como profesor de c\u00e1tedra para el mismo instituto del cual se gradu\u00f3. En el 2002 cambia su residencia a Alemania donde se inicia de manera independiente en el comercio y mercadotecnia internacional representando empresas europeas y dando asesor\u00edas de iniciaci\u00f3n a la actividad comercial y exportadora a Am\u00e9rica Latina.<\/span><\/p>\n<p><span style=\"color: #ffffff;\">Se incorpora a la empresa Forestadent como Export Manager para Am\u00e9rica Latina participando en m\u00faltiples congresos internacionales especializados en el \u00e1rea dental y ortod\u00f3ntica.<\/span><\/p>\n<p><span style=\"color: #ffffff;\">La coordinaci\u00f3n de un gran n\u00famero de cursos de ortodoncia en Europa y Am\u00e9rica Latina le han permitido tener contacto con una gran cantidad de ortodoncistas de esas regiones y con ello, recabar diversas experiencias tanto cl\u00ednicas, administrativas, comerciales y de mercadotecnia, con las cuales ha desarrollado estrategias y detectado puntos de oportunidad aplicables y que fomenten un mayor beneficio para el Doctor.<\/span><\/p>\n<p><span style=\"color: #ffffff;\">Se ha formado en Marketing experiencial y especializado a nivel internacional en el \u00e1rea del Neuromarketing aplicando sus conocimientos al \u00e1rea m\u00e9dica, odontol\u00f3gica y sus especialidades, siendo pionero en incursar esta valiosa herramienta en esas \u00e1reas de la salud y con ello, conseguir marcar la diferencia en los consultorios.<\/span><\/p>\n<h3><span style=\"color: #ffffff;\"><strong>JUSTIFICACI\u00d3N<\/strong><\/span><\/h3>\n<p><span style=\"color: #ffffff;\">Hoy por hoy, la competencia profesional se incrementa de manera exponencial debido a que cada d\u00eda existen un mayor n\u00famero de especialistas en el medio ofreciendo los mismos servicios que cualquier otro, tratamientos ortod\u00f3nticos, odontol\u00f3gicos, rehabilitaciones, quir\u00fargicos, etc. La odontolog\u00eda y sus especialidades \u2013 manteniendo una adecuada estrategia \u2013 son muy rentables por lo que mantener un diferenciador y una visi\u00f3n empresarial es fundamental para estar un paso al frente de la competencia.<\/span><\/p>\n<p><span style=\"color: #ffffff;\">Un factor fundamental para crear ese diferenciador es la generaci\u00f3n de experiencias, no solo se habla de un servicio de primera, ese concepto involucra un gran n\u00famero de elementos que permitan identificar la marca as\u00ed como el cl\u00ednico que est\u00e1 al frente del consultorio.<\/span><\/p>\n<p><span style=\"color: #ffffff;\">Los productos implementados en la pr\u00e1ctica diaria tienen gran relaci\u00f3n con la responsabilidad cl\u00ednica, por lo que el uso de materiales innovadores y de buena calidad son los mejores aliados, no s\u00f3lo el desempe\u00f1o del tratamiento ser\u00e1 \u00f3ptimo, sino tambi\u00e9n el beneficio obtenido para el especialista y por contradictorio que parezca, a mayor calidad de los materiales, mayor rentabilidad, mismo que se traduce en una mejor calidad de vida y al mismo tiempo se trata al paciente de manera \u00f3ptima y responsable.<\/span><\/p>\n","protected":false},"excerpt":{"rendered":"<p>\u00bfQUIEN ES FEDERICO OROZCO? Graduado de la carrera en Comercio Internacional en el Instituto Tecnol\u00f3gico y de Estudios Superiores de Monterrey, M\u00e9xico en 1999. Trabaj\u00f3 para la empresa Bayer de M\u00e9xico, S.A. de C.V. y como profesor de c\u00e1tedra para el mismo instituto del cual se gradu\u00f3. En el 2002 cambia su residencia a Alemania [&hellip;]<\/p>\n<a class=\"more-link\" href=\"https:\/\/federicoorozco.com\/?page_id=2\">Keep Reading<span class=\"icon-arrow-right5\"><\/span><\/a>","protected":false},"author":1,"featured_media":0,"parent":0,"menu_order":0,"comment_status":"open","ping_status":"closed","template":"home-page.php","meta":{"footnotes":""},"class_list":["post-2","page","type-page","status-publish","hentry"],"jetpack_sharing_enabled":true,"_links":{"self":[{"href":"https:\/\/federicoorozco.com\/index.php?rest_route=\/wp\/v2\/pages\/2","targetHints":{"allow":["GET"]}}],"collection":[{"href":"https:\/\/federicoorozco.com\/index.php?rest_route=\/wp\/v2\/pages"}],"about":[{"href":"https:\/\/federicoorozco.com\/index.php?rest_route=\/wp\/v2\/types\/page"}],"author":[{"embeddable":true,"href":"https:\/\/federicoorozco.com\/index.php?rest_route=\/wp\/v2\/users\/1"}],"replies":[{"embeddable":true,"href":"https:\/\/federicoorozco.com\/index.php?rest_route=%2Fwp%2Fv2%2Fcomments&post=2"}],"version-history":[{"count":34,"href":"https:\/\/federicoorozco.com\/index.php?rest_route=\/wp\/v2\/pages\/2\/revisions"}],"predecessor-version":[{"id":981,"href":"https:\/\/federicoorozco.com\/index.php?rest_route=\/wp\/v2\/pages\/2\/revisions\/981"}],"wp:attachment":[{"href":"https:\/\/federicoorozco.com\/index.php?rest_route=%2Fwp%2Fv2%2Fmedia&parent=2"}],"curies":[{"name":"wp","href":"https:\/\/api.w.org\/{rel}","templated":true}]}}